{"id":29,"date":"2023-05-12T13:23:12","date_gmt":"2023-05-12T13:23:12","guid":{"rendered":"https:\/\/www.birtekstil.com.tr\/?page_id=29"},"modified":"2023-06-05T11:52:53","modified_gmt":"2023-06-05T11:52:53","slug":"contact","status":"publish","type":"page","link":"https:\/\/www.birtekstil.com.tr\/en\/contact\/","title":{"rendered":"Contact"},"content":{"rendered":"<div class=\"row\"  id=\"row-622959436\">\n\n\t<div id=\"col-1248771948\" class=\"col small-12 large-12\"  >\n\t\t\t\t<div class=\"col-inner\"  >\n\t\t\t\n\t\t\t\n\t<div class=\"img has-hover x md-x lg-x y md-y lg-y\" id=\"image_821929471\">\n\t\t\t\t\t\t\t\t<div class=\"img-inner dark\" >\n\t\t\t<img decoding=\"async\" width=\"1300\" height=\"400\" src=\"https:\/\/www.birtekstil.com.tr\/en\/wp-content\/uploads\/2023\/05\/contact.png\" class=\"attachment-original size-original\" alt=\"\" srcset=\"https:\/\/www.birtekstil.com.tr\/en\/wp-content\/uploads\/2023\/05\/contact.png 1300w, https:\/\/www.birtekstil.com.tr\/en\/wp-content\/uploads\/2023\/05\/contact-300x92.png 300w, https:\/\/www.birtekstil.com.tr\/en\/wp-content\/uploads\/2023\/05\/contact-1024x315.png 1024w, https:\/\/www.birtekstil.com.tr\/en\/wp-content\/uploads\/2023\/05\/contact-768x236.png 768w, https:\/\/www.birtekstil.com.tr\/en\/wp-content\/uploads\/2023\/05\/contact-600x185.png 600w\" sizes=\"(max-width: 1300px) 100vw, 1300px\" \/>\t\t\t\t\t\t\n\t\t\t\t\t<\/div>\n\t\t\t\t\t\t\t\t\n<style>\n#image_821929471 {\n  width: 100%;\n}\n<\/style>\n\t<\/div>\n\t\n\t\t<\/div>\n\t\t\t\t\t<\/div>\n\n\t\n\n\t<div id=\"col-524368447\" class=\"col medium-8 small-12 large-8\"  >\n\t\t\t\t<div class=\"col-inner\"  >\n\t\t\t\n\t\t\t\n<p><iframe src=\"https:\/\/www.google.com\/maps\/embed?pb=!1m18!1m12!1m3!1d96305.84803907337!2d28.888766492826473!3d41.03493049858806!2m3!1f0!2f0!3f0!3m2!1i1024!2i768!4f13.1!3m3!1m2!1s0x14cac9f16839c245%3A0x53df0bad06f0f275!2sB%C4%B0R%20Tekstil%20Giyim%20%C3%96rme%20ve%20Dokuma%20San.%20Tic.%20Ltd.%20%C5%9Eti.!5e0!3m2!1str!2str!4v1683974136348!5m2!1str!2str\" width=\"100%\" height=\"300\" style=\"border:0;\" allowfullscreen=\"\" loading=\"lazy\" referrerpolicy=\"no-referrer-when-downgrade\"><\/iframe><\/p>\n\t\t<\/div>\n\t\t\t\t\t<\/div>\n\n\t\n\n\t<div id=\"col-1084354860\" class=\"col medium-4 small-12 large-4\"  >\n\t\t\t\t<div class=\"col-inner\"  >\n\t\t\t\n\t\t\t\n<p class=\"has-block tooltipstered\">Phone: +90 538 275 18 63<\/p>\n<p>E-mail 1: info@birtekstil.com.tr<\/p>\n<p>E-mail 2: resat@birtekstil.com.tr<\/p>\n<p>Address: Bir Tekstil Giyim \u00d6rme ve Dokuma Sanayi Ticaret Ltd. \u015eti. K. \u00c7aml\u0131ca Mh. Bulgurlu Cd. Melek Sima Sk. No: 1\/1 \u00dcsk\u00fcdar \/ \u0130stanbul<\/p>\n\t\t<\/div>\n\t\t\t\t\t<\/div>\n\n\t\n<\/div>\n","protected":false},"excerpt":{"rendered":"","protected":false},"author":1,"featured_media":0,"parent":0,"menu_order":0,"comment_status":"closed","ping_status":"closed","template":"","meta":{"footnotes":""},"class_list":["post-29","page","type-page","status-publish","hentry"],"_links":{"self":[{"href":"https:\/\/www.birtekstil.com.tr\/en\/wp-json\/wp\/v2\/pages\/29","targetHints":{"allow":["GET"]}}],"collection":[{"href":"https:\/\/www.birtekstil.com.tr\/en\/wp-json\/wp\/v2\/pages"}],"about":[{"href":"https:\/\/www.birtekstil.com.tr\/en\/wp-json\/wp\/v2\/types\/page"}],"author":[{"embeddable":true,"href":"https:\/\/www.birtekstil.com.tr\/en\/wp-json\/wp\/v2\/users\/1"}],"replies":[{"embeddable":true,"href":"https:\/\/www.birtekstil.com.tr\/en\/wp-json\/wp\/v2\/comments?post=29"}],"version-history":[{"count":11,"href":"https:\/\/www.birtekstil.com.tr\/en\/wp-json\/wp\/v2\/pages\/29\/revisions"}],"predecessor-version":[{"id":750,"href":"https:\/\/www.birtekstil.com.tr\/en\/wp-json\/wp\/v2\/pages\/29\/revisions\/750"}],"wp:attachment":[{"href":"https:\/\/www.birtekstil.com.tr\/en\/wp-json\/wp\/v2\/media?parent=29"}],"curies":[{"name":"wp","href":"https:\/\/api.w.org\/{rel}","templated":true}]}}